{"id":28,"date":"2015-12-12T15:28:42","date_gmt":"2015-12-12T14:28:42","guid":{"rendered":"http:\/\/www.puranatura.nl\/index.php\/product\/aloe-vera-olie\/"},"modified":"2017-08-11T13:25:12","modified_gmt":"2017-08-11T12:25:12","slug":"aloe-vera-olie","status":"publish","type":"product","link":"https:\/\/www.puranatura.nl\/index.php\/product\/aloe-vera-olie\/","title":{"rendered":"Aloe vera olie"},"content":{"rendered":"<p>Alo\u00eb vera olie, INCI: Alo\u00eb barbadensis gel, Citric acid, Sodium benzoate, Potassium sorbate.<\/p>\n<p>Alo\u00eb vera is een vetplant die water opslaat in een deel van zijn lichaam. Het alo\u00eb vera maceraat wordt gewonnen door de bladeren een maand of langer te weken in een basisolie (meestal soja- of zoete amandelolie). De alo\u00eb vera olie is lichtgeel van kleur en reukloos. Het werkt beschermend, verzachtend, hydraterend voor ieder huidtype, maar wordt met name aanbevolen bij een droge, gevoelige of ge\u00efrriteerde huid, bij een ruwe, droge huid en bij zonnebrand (bv. in een after sun product).<\/p>\n","protected":false},"excerpt":{"rendered":"<p>Alo\u00eb vera olie, INCI: Alo\u00eb barbadensis gel, Citric acid, Sodium benzoate, Potassium sorbate. Alo\u00eb vera is een vetplant die water opslaat in een deel van zijn lichaam. Het alo\u00eb vera maceraat wordt gewonnen door de bladeren een maand of langer te weken in een basisolie (meestal soja- of zoete amandelolie). De alo\u00eb vera olie is [&hellip;]<\/p>\n","protected":false},"featured_media":0,"comment_status":"open","ping_status":"closed","template":"","meta":[],"product_brand":[],"product_cat":[7],"product_tag":[],"class_list":{"0":"post-28","1":"product","2":"type-product","3":"status-publish","5":"product_cat-plantaardige-olie","7":"first","8":"instock","9":"taxable","10":"shipping-taxable","11":"purchasable","12":"product-type-variable"},"yoast_head":"<!-- This site is optimized with the Yoast SEO plugin v25.8 - https:\/\/yoast.com\/wordpress\/plugins\/seo\/ -->\n<title>Aloe vera olie - Zelf cosmetica maken<\/title>\n<meta name=\"robots\" content=\"index, follow, max-snippet:-1, max-image-preview:large, max-video-preview:-1\" \/>\n<link rel=\"canonical\" href=\"https:\/\/www.puranatura.nl\/index.php\/product\/aloe-vera-olie\/\" \/>\n<meta property=\"og:locale\" content=\"nl_NL\" \/>\n<meta property=\"og:type\" content=\"article\" \/>\n<meta property=\"og:title\" content=\"Aloe vera olie - Zelf cosmetica maken\" \/>\n<meta property=\"og:description\" content=\"Alo\u00eb vera olie, INCI: Alo\u00eb barbadensis gel, Citric acid, Sodium benzoate, Potassium sorbate. Alo\u00eb vera is een vetplant die water opslaat in een deel van zijn lichaam. Het alo\u00eb vera maceraat wordt gewonnen door de bladeren een maand of langer te weken in een basisolie (meestal soja- of zoete amandelolie). De alo\u00eb vera olie is [&hellip;]\" \/>\n<meta property=\"og:url\" content=\"https:\/\/www.puranatura.nl\/index.php\/product\/aloe-vera-olie\/\" \/>\n<meta property=\"og:site_name\" content=\"Zelf cosmetica maken\" \/>\n<meta property=\"article:modified_time\" content=\"2017-08-11T12:25:12+00:00\" \/>\n<meta name=\"twitter:card\" content=\"summary_large_image\" \/>\n<script type=\"application\/ld+json\" class=\"yoast-schema-graph\">{\"@context\":\"https:\/\/schema.org\",\"@graph\":[{\"@type\":\"WebPage\",\"@id\":\"https:\/\/www.puranatura.nl\/index.php\/product\/aloe-vera-olie\/\",\"url\":\"https:\/\/www.puranatura.nl\/index.php\/product\/aloe-vera-olie\/\",\"name\":\"Aloe vera olie - Zelf cosmetica maken\",\"isPartOf\":{\"@id\":\"https:\/\/www.puranatura.nl\/#website\"},\"datePublished\":\"2015-12-12T14:28:42+00:00\",\"dateModified\":\"2017-08-11T12:25:12+00:00\",\"breadcrumb\":{\"@id\":\"https:\/\/www.puranatura.nl\/index.php\/product\/aloe-vera-olie\/#breadcrumb\"},\"inLanguage\":\"nl-NL\",\"potentialAction\":[{\"@type\":\"ReadAction\",\"target\":[\"https:\/\/www.puranatura.nl\/index.php\/product\/aloe-vera-olie\/\"]}]},{\"@type\":\"BreadcrumbList\",\"@id\":\"https:\/\/www.puranatura.nl\/index.php\/product\/aloe-vera-olie\/#breadcrumb\",\"itemListElement\":[{\"@type\":\"ListItem\",\"position\":1,\"name\":\"Home\",\"item\":\"https:\/\/www.puranatura.nl\/\"},{\"@type\":\"ListItem\",\"position\":2,\"name\":\"Winkel\",\"item\":\"https:\/\/www.puranatura.nl\/index.php\/winkel\/\"},{\"@type\":\"ListItem\",\"position\":3,\"name\":\"Aloe vera olie\"}]},{\"@type\":\"WebSite\",\"@id\":\"https:\/\/www.puranatura.nl\/#website\",\"url\":\"https:\/\/www.puranatura.nl\/\",\"name\":\"Zelf cosmetica maken\",\"description\":\"Alles voor het zelf cosmetica maken\",\"publisher\":{\"@id\":\"https:\/\/www.puranatura.nl\/#organization\"},\"potentialAction\":[{\"@type\":\"SearchAction\",\"target\":{\"@type\":\"EntryPoint\",\"urlTemplate\":\"https:\/\/www.puranatura.nl\/?s={search_term_string}\"},\"query-input\":{\"@type\":\"PropertyValueSpecification\",\"valueRequired\":true,\"valueName\":\"search_term_string\"}}],\"inLanguage\":\"nl-NL\"},{\"@type\":\"Organization\",\"@id\":\"https:\/\/www.puranatura.nl\/#organization\",\"name\":\"Zelf cosmetica maken\",\"url\":\"https:\/\/www.puranatura.nl\/\",\"logo\":{\"@type\":\"ImageObject\",\"inLanguage\":\"nl-NL\",\"@id\":\"https:\/\/www.puranatura.nl\/#\/schema\/logo\/image\/\",\"url\":\"https:\/\/www.puranatura.nl\/wp-content\/uploads\/2016\/05\/cropped-logotrans.png\",\"contentUrl\":\"https:\/\/www.puranatura.nl\/wp-content\/uploads\/2016\/05\/cropped-logotrans.png\",\"width\":112,\"height\":110,\"caption\":\"Zelf cosmetica maken\"},\"image\":{\"@id\":\"https:\/\/www.puranatura.nl\/#\/schema\/logo\/image\/\"}}]}<\/script>\n<!-- \/ Yoast SEO plugin. -->","yoast_head_json":{"title":"Aloe vera olie - Zelf cosmetica maken","robots":{"index":"index","follow":"follow","max-snippet":"max-snippet:-1","max-image-preview":"max-image-preview:large","max-video-preview":"max-video-preview:-1"},"canonical":"https:\/\/www.puranatura.nl\/index.php\/product\/aloe-vera-olie\/","og_locale":"nl_NL","og_type":"article","og_title":"Aloe vera olie - Zelf cosmetica maken","og_description":"Alo\u00eb vera olie, INCI: Alo\u00eb barbadensis gel, Citric acid, Sodium benzoate, Potassium sorbate. Alo\u00eb vera is een vetplant die water opslaat in een deel van zijn lichaam. Het alo\u00eb vera maceraat wordt gewonnen door de bladeren een maand of langer te weken in een basisolie (meestal soja- of zoete amandelolie). De alo\u00eb vera olie is [&hellip;]","og_url":"https:\/\/www.puranatura.nl\/index.php\/product\/aloe-vera-olie\/","og_site_name":"Zelf cosmetica maken","article_modified_time":"2017-08-11T12:25:12+00:00","twitter_card":"summary_large_image","schema":{"@context":"https:\/\/schema.org","@graph":[{"@type":"WebPage","@id":"https:\/\/www.puranatura.nl\/index.php\/product\/aloe-vera-olie\/","url":"https:\/\/www.puranatura.nl\/index.php\/product\/aloe-vera-olie\/","name":"Aloe vera olie - Zelf cosmetica maken","isPartOf":{"@id":"https:\/\/www.puranatura.nl\/#website"},"datePublished":"2015-12-12T14:28:42+00:00","dateModified":"2017-08-11T12:25:12+00:00","breadcrumb":{"@id":"https:\/\/www.puranatura.nl\/index.php\/product\/aloe-vera-olie\/#breadcrumb"},"inLanguage":"nl-NL","potentialAction":[{"@type":"ReadAction","target":["https:\/\/www.puranatura.nl\/index.php\/product\/aloe-vera-olie\/"]}]},{"@type":"BreadcrumbList","@id":"https:\/\/www.puranatura.nl\/index.php\/product\/aloe-vera-olie\/#breadcrumb","itemListElement":[{"@type":"ListItem","position":1,"name":"Home","item":"https:\/\/www.puranatura.nl\/"},{"@type":"ListItem","position":2,"name":"Winkel","item":"https:\/\/www.puranatura.nl\/index.php\/winkel\/"},{"@type":"ListItem","position":3,"name":"Aloe vera olie"}]},{"@type":"WebSite","@id":"https:\/\/www.puranatura.nl\/#website","url":"https:\/\/www.puranatura.nl\/","name":"Zelf cosmetica maken","description":"Alles voor het zelf cosmetica maken","publisher":{"@id":"https:\/\/www.puranatura.nl\/#organization"},"potentialAction":[{"@type":"SearchAction","target":{"@type":"EntryPoint","urlTemplate":"https:\/\/www.puranatura.nl\/?s={search_term_string}"},"query-input":{"@type":"PropertyValueSpecification","valueRequired":true,"valueName":"search_term_string"}}],"inLanguage":"nl-NL"},{"@type":"Organization","@id":"https:\/\/www.puranatura.nl\/#organization","name":"Zelf cosmetica maken","url":"https:\/\/www.puranatura.nl\/","logo":{"@type":"ImageObject","inLanguage":"nl-NL","@id":"https:\/\/www.puranatura.nl\/#\/schema\/logo\/image\/","url":"https:\/\/www.puranatura.nl\/wp-content\/uploads\/2016\/05\/cropped-logotrans.png","contentUrl":"https:\/\/www.puranatura.nl\/wp-content\/uploads\/2016\/05\/cropped-logotrans.png","width":112,"height":110,"caption":"Zelf cosmetica maken"},"image":{"@id":"https:\/\/www.puranatura.nl\/#\/schema\/logo\/image\/"}}]}},"_links":{"self":[{"href":"https:\/\/www.puranatura.nl\/index.php\/wp-json\/wp\/v2\/product\/28","targetHints":{"allow":["GET"]}}],"collection":[{"href":"https:\/\/www.puranatura.nl\/index.php\/wp-json\/wp\/v2\/product"}],"about":[{"href":"https:\/\/www.puranatura.nl\/index.php\/wp-json\/wp\/v2\/types\/product"}],"replies":[{"embeddable":true,"href":"https:\/\/www.puranatura.nl\/index.php\/wp-json\/wp\/v2\/comments?post=28"}],"wp:attachment":[{"href":"https:\/\/www.puranatura.nl\/index.php\/wp-json\/wp\/v2\/media?parent=28"}],"wp:term":[{"taxonomy":"product_brand","embeddable":true,"href":"https:\/\/www.puranatura.nl\/index.php\/wp-json\/wp\/v2\/product_brand?post=28"},{"taxonomy":"product_cat","embeddable":true,"href":"https:\/\/www.puranatura.nl\/index.php\/wp-json\/wp\/v2\/product_cat?post=28"},{"taxonomy":"product_tag","embeddable":true,"href":"https:\/\/www.puranatura.nl\/index.php\/wp-json\/wp\/v2\/product_tag?post=28"}],"curies":[{"name":"wp","href":"https:\/\/api.w.org\/{rel}","templated":true}]}}